{"id":120,"date":"2024-10-24T08:47:34","date_gmt":"2024-10-24T06:47:34","guid":{"rendered":"https:\/\/www.lisaziehm.de\/new\/?page_id=120"},"modified":"2025-11-19T10:19:23","modified_gmt":"2025-11-19T09:19:23","slug":"bio","status":"publish","type":"page","link":"https:\/\/www.lisaziehm.de\/en\/bio\/","title":{"rendered":"Bio"},"content":{"rendered":"<figure class=\"wp-block-image size-large\"><img data-recalc-dims=\"1\" loading=\"lazy\" decoding=\"async\" width=\"720\" height=\"480\" data-attachment-id=\"49\" data-permalink=\"https:\/\/www.lisaziehm.de\/en\/955a2662\/\" data-orig-file=\"https:\/\/i0.wp.com\/www.lisaziehm.de\/wp-content\/uploads\/2024\/10\/955A2662-scaled.jpg?fit=2560%2C1707&amp;ssl=1\" data-orig-size=\"2560,1707\" data-comments-opened=\"1\" data-image-meta=\"{&quot;aperture&quot;:&quot;1.4&quot;,&quot;credit&quot;:&quot;&quot;,&quot;camera&quot;:&quot;Canon EOS 5D Mark IV&quot;,&quot;caption&quot;:&quot;&quot;,&quot;created_timestamp&quot;:&quot;1662372380&quot;,&quot;copyright&quot;:&quot;&quot;,&quot;focal_length&quot;:&quot;50&quot;,&quot;iso&quot;:&quot;200&quot;,&quot;shutter_speed&quot;:&quot;0.000625&quot;,&quot;title&quot;:&quot;&quot;,&quot;orientation&quot;:&quot;1&quot;}\" data-image-title=\"955A2662\" data-image-description=\"\" data-image-caption=\"\" data-large-file=\"https:\/\/i0.wp.com\/www.lisaziehm.de\/wp-content\/uploads\/2024\/10\/955A2662-scaled.jpg?fit=720%2C480&amp;ssl=1\" src=\"https:\/\/i0.wp.com\/www.lisaziehm.de\/wp-content\/uploads\/2024\/10\/955A2662.jpg?resize=720%2C480&#038;ssl=1\" alt=\"\" class=\"wp-image-49\" srcset=\"https:\/\/i0.wp.com\/www.lisaziehm.de\/wp-content\/uploads\/2024\/10\/955A2662-scaled.jpg?resize=1024%2C683&amp;ssl=1 1024w, https:\/\/i0.wp.com\/www.lisaziehm.de\/wp-content\/uploads\/2024\/10\/955A2662-scaled.jpg?resize=300%2C200&amp;ssl=1 300w, https:\/\/i0.wp.com\/www.lisaziehm.de\/wp-content\/uploads\/2024\/10\/955A2662-scaled.jpg?resize=768%2C512&amp;ssl=1 768w, https:\/\/i0.wp.com\/www.lisaziehm.de\/wp-content\/uploads\/2024\/10\/955A2662-scaled.jpg?resize=1536%2C1024&amp;ssl=1 1536w, https:\/\/i0.wp.com\/www.lisaziehm.de\/wp-content\/uploads\/2024\/10\/955A2662-scaled.jpg?resize=2048%2C1365&amp;ssl=1 2048w, https:\/\/i0.wp.com\/www.lisaziehm.de\/wp-content\/uploads\/2024\/10\/955A2662-scaled.jpg?w=1440&amp;ssl=1 1440w, https:\/\/i0.wp.com\/www.lisaziehm.de\/wp-content\/uploads\/2024\/10\/955A2662-scaled.jpg?w=2160&amp;ssl=1 2160w\" sizes=\"auto, (max-width: 720px) 100vw, 720px\" \/><\/figure>\n\n\n\n<p>Born in Neustadt in Holstein, Lisa Ziehm is a versatile soprano who performs in operas, oratorios and concerts.<\/p>\n\n\n\n<p>She completed her vocal training at the L\u00fcbeck University of Music with I. Schaarschmidt, at the renowned Guildhall School of Music and Drama in London with T. Goble, and in the class of Prof. C. H\u00f6hn at the Berlin University of the Arts. In addition to her training, she refined her technique in masterclasses with artists such as Margreet Honig, Franz Grundheber, Doreen DeFeis, Michaela Schuster and Simone Kermes.<\/p>\n\n\n\n<p>Born in Schleswig-Holstein, Lisa Ziehm is an active concert soloist, performing on numerous international stages. She has appeared at the Berlin Philharmonic, the London Handel Festival, the Cap Ferret Music Festival in France, the Bazylika katedralna \u015bw. Jakuba w Olsztynie in Poland, the Merseburg Organ Days, and the L\u00fcbeck Brahms Festival. Her passion and expertise lie especially in the music of the Romantic period.<\/p>\n\n\n\n<p>Lisa Ziehm has already sung important roles in her field in musical theatre. \nIn 2024, she appeared as Sharon Graham in Terrence McNally's Master Class in a production by Kom\u00f6die am Ku'damm (director: Harald Weiler).\nAt the Opernloft Hamburg, she appeared as the Feldmarschallin in Richard Strauss' Der Rosenkavalier in 2023. In 2023, she shone in the title role of Paul Abraham's operetta Viktoria und ihr Husar at the Neustrelitz Summer Festival. Other notable engagements in 2022 included the world premiere of Bernhard Gander's opera Lieder von Vertreibung und Nimmerwiederkehr at the Deutsche Oper Berlin and the Munich Biennale, and in 2021 her role as \"Venus\" in Jacques Offenbach's Orpheus in the Underworld at the Frankenfestspiele in R\u00f6ttingen. <br>2024 war sie als \u201eSharon Graham\u201c in Terrence McNallys <em>Meisterklasse<\/em> in einer Produktion der Kom\u00f6die am Ku\u2019damm (Regie: Harald Weiler) zu sehen.<br>Am Opernloft Hamburg war sie 2023 als Feldmarschallin in Richard Strauss\u2019 Der Rosenkavalier zu erleben. 2023 brillierte sie in der Titelpartie von Paul Abrahams Operette Viktoria und ihr Husar bei den Neustrelitzer Sommerfestspielen. Weitere bedeutende Engagements waren 2022 die Urauff\u00fchrung von Bernhard Ganders Oper Lieder von Vertreibung und Nimmerwiederkehr an der Deutschen Oper Berlin und der M\u00fcnchener Biennale sowie 2021 ihre Rolle als \u201eVenus\u201c in Jaques Offenbachs Orpheus in der Unterwelt bei den Frankenfestspielen in R\u00f6ttingen. <\/p>\n\n\n\n<p>Further important opera roles include Countess Almaviva in Mozart's The Marriage of Figaro (Opernakademie Bad Orb 2019), First Lady in The Magic Flute, Rosalinde in Johann Strauss' Die Fledermaus and The Voice\/The Angel in Peter E\u00f6tv\u00f6s' Angels in America. She has also sung at venues such as the Theater L\u00fcbeck, the Musikfestival Oper Oder-Spree, the Brandenburger Theater and the Neue Eutiner Festspiele. There she worked with directors such as Kerstin Steeb, Michael Wallner, Lars Franke and Eva-Maria H\u00f6ckmayr.<br><br>F\u00fcr ihre k\u00fcnstlerische Arbeit erhielt Lisa Ziehm zahlreiche Auszeichnungen und Stipendien, darunter das Deutschlandstipendium, die F\u00f6rderung der Yehudi-Menuhin-Stiftung \u201eLive Music Now\u201c sowie der Possehl-Stiftung L\u00fcbeck. 2023 wurde sie zudem von der Richard-Wagner-Stiftung Mecklenburg-Vorpommern gef\u00f6rdert.<\/p>\n\n\n\n<p>Since 2015, Lisa Ziehm has been passionately dedicated to song repertoire alongside pianist Hyelee Clara Chang as the duo \u201cKlangkomplizinnen.\u201d In 2024, they were finalists in the Bolko von Hochberg Song Competition in G\u00f6rlitz.<\/p>\n\n\n\n<div style=\"height:50px\" aria-hidden=\"true\" class=\"wp-block-spacer\"><\/div>\n\n\n\n<div class=\"wp-block-columns is-layout-flex wp-container-core-columns-is-layout-9d6595d7 wp-block-columns-is-layout-flex\">\n<div class=\"wp-block-column is-layout-flow wp-block-column-is-layout-flow\" style=\"flex-basis:50%\">\n<div class=\"wp-block-file\"><a id=\"wp-block-file--media-26b76f76-afc5-408d-baeb-d136d8c73921\" href=\"https:\/\/www.lisaziehm.de\/wp-content\/uploads\/2025\/05\/Lebenslauf_tabellarisch.pdf\">Lebenslauf_tabellarisch<\/a><a href=\"https:\/\/www.lisaziehm.de\/wp-content\/uploads\/2025\/05\/Lebenslauf_tabellarisch.pdf\" class=\"wp-block-file__button wp-element-button\" download aria-describedby=\"wp-block-file--media-26b76f76-afc5-408d-baeb-d136d8c73921\">Download<\/a><\/div>\n<\/div>\n\n\n\n<div class=\"wp-block-column is-layout-flow wp-block-column-is-layout-flow\" style=\"flex-basis:50%\">\n<div class=\"wp-block-file\"><a id=\"wp-block-file--media-b9dfd4fe-4cf8-41f8-809a-776cf8a89941\" href=\"https:\/\/www.lisaziehm.de\/wp-content\/uploads\/2024\/10\/Repertoirelist_EN.pdf\">Repertoire List<\/a><a href=\"https:\/\/www.lisaziehm.de\/wp-content\/uploads\/2024\/10\/Repertoirelist_EN.pdf\" class=\"wp-block-file__button wp-element-button\" download aria-describedby=\"wp-block-file--media-b9dfd4fe-4cf8-41f8-809a-776cf8a89941\">Download<\/a><\/div>\n<\/div>\n<\/div>\n\n\n\n<p><\/p>","protected":false},"excerpt":{"rendered":"<p>Lisa Ziehm stammt aus Neustadt in Holstein und ist als vielseitige Sopranistin im Opern-, Oratorien- und Konzertfach t\u00e4tig. Sie absolvierte ihre Gesangsausbildung an der Musikhochschule L\u00fcbeck bei I. Schaarschmidt, der renommierten Guildhall School of Music and Drama in London bei T. Goble sowie in der Klasse von Prof. C. H\u00f6hn an der Universit\u00e4t der K\u00fcnste [&hellip;]<\/p>","protected":false},"author":1,"featured_media":0,"parent":0,"menu_order":0,"comment_status":"closed","ping_status":"closed","template":"templates\/no-sidebar.php","meta":{"advanced_seo_description":"","jetpack_seo_html_title":"","jetpack_seo_noindex":false,"footnotes":""},"class_list":["post-120","page","type-page","status-publish","hentry"],"jetpack_sharing_enabled":true,"_links":{"self":[{"href":"https:\/\/www.lisaziehm.de\/en\/wp-json\/wp\/v2\/pages\/120","targetHints":{"allow":["GET"]}}],"collection":[{"href":"https:\/\/www.lisaziehm.de\/en\/wp-json\/wp\/v2\/pages"}],"about":[{"href":"https:\/\/www.lisaziehm.de\/en\/wp-json\/wp\/v2\/types\/page"}],"author":[{"embeddable":true,"href":"https:\/\/www.lisaziehm.de\/en\/wp-json\/wp\/v2\/users\/1"}],"replies":[{"embeddable":true,"href":"https:\/\/www.lisaziehm.de\/en\/wp-json\/wp\/v2\/comments?post=120"}],"version-history":[{"count":15,"href":"https:\/\/www.lisaziehm.de\/en\/wp-json\/wp\/v2\/pages\/120\/revisions"}],"predecessor-version":[{"id":688,"href":"https:\/\/www.lisaziehm.de\/en\/wp-json\/wp\/v2\/pages\/120\/revisions\/688"}],"wp:attachment":[{"href":"https:\/\/www.lisaziehm.de\/en\/wp-json\/wp\/v2\/media?parent=120"}],"curies":[{"name":"wp","href":"https:\/\/api.w.org\/{rel}","templated":true}]}}